{"id":4704,"date":"2025-01-30T14:54:12","date_gmt":"2025-01-30T13:54:12","guid":{"rendered":"https:\/\/vkjc.bknezmar.cz\/?page_id=4704"},"modified":"2025-12-19T11:32:12","modified_gmt":"2025-12-19T10:32:12","slug":"2025-informace","status":"publish","type":"page","link":"https:\/\/vkjc.bknezmar.cz\/?page_id=4704","title":{"rendered":"2026 Informace"},"content":{"rendered":"\n<h2 id=\"block-ea13237a-4551-453e-a459-4c1ca996c635\">Obecn\u00e9 informace<\/h2>\n\n\n\n<p id=\"block-f3bb6f52-8ca6-4cd0-b112-6b31c9cea680\">Vrcha\u0159skou korunu Ji\u017en\u00edch \u010cech 2026 z\u00edsk\u00e1 ka\u017ed\u00fd biker, kter\u00fd zdol\u00e1 v obdob\u00ed od 1. dubna do 30. listopadu 2026 v\u0161ech 20 p\u0159edepsan\u00fdch vrchol\u016f. Pro ro\u010dn\u00edk 2026 jsme p\u0159ipravili t\u0159ikategorie. Ka\u017ed\u00e1 kategorie se bude hodnotit samostatn\u011b a ka\u017ed\u00e1 kategorie bude m\u00edt 20 vrchol\u016f ke zdol\u00e1n\u00ed. Jako d\u016fkaz je t\u0159eba se na ka\u017ed\u00e9m vrcholu vyfotit, ide\u00e1ln\u011b s kolem, a pak n\u00e1m poslat v\u0161ech 20 fotografi\u00ed. O po\u0159ad\u00ed bude rozhodovat datum odesl\u00e1n\u00ed fotografi\u00ed.<\/p>\n\n\n\n<p id=\"block-abcd16af-25ff-4dcd-8bdf-983889f769d8\"><strong>Pro zasl\u00e1n\u00ed fotografi\u00ed je nutn\u00e9 vyu\u017e\u00edt&nbsp;Web Vrcha\u0159sk\u00fdch korun cyklist\u016f&nbsp;<a rel=\"noreferrer noopener\" href=\"http:\/\/www.vk-bike.eu\/\" target=\"_blank\">www.vk-bike.eu<\/a>&nbsp;<\/strong>\u2013 zaslat je prost\u0159ednictv\u00edm tohoto webu nebo mobiln\u00ed aplikace.<\/p>\n\n\n\n<h2 id=\"block-2cbfc898-ae15-4c5b-8d09-024ec46b94f0\"><strong>Web Vrcha\u0159sk\u00fdch korun cyklist\u016f&nbsp;<a rel=\"noreferrer noopener\" href=\"http:\/\/www.vk-bike.eu\/\" target=\"_blank\">www.vk-bike.eu<\/a><\/strong><\/h2>\n\n\n\n<p id=\"block-c0fe4d72-afb6-4f2b-bd5f-cfb4f6f72d84\">Partner VK Vala\u0161ska, spole\u010dnost Navmatix, vyv\u00edj\u00ed pro v\u00e9\u010dka\u0159e web&nbsp;<a rel=\"noreferrer noopener\" href=\"http:\/\/www.vk-bike.eu\/\" target=\"_blank\">www.vk-bike.eu<\/a>&nbsp;a mobiln\u00ed aplikaci \u201eVrcha\u0159sk\u00e1 koruna\u201c. \u00da\u010dastn\u00edci Vrcha\u0159sk\u00fdch korun cyklist\u016f tam najdou informace o v\u0161ech VK. Ka\u017edoro\u010dn\u011b je vyps\u00e1no bezm\u00e1la 30 vrcha\u0159sk\u00fdch korun na \u00fazem\u00ed \u010cesk\u00e9 republiky a Slovenska. \u00da\u010dastn\u00edci VK si na webu mohou vytvo\u0159it u\u017eivatelsk\u00fd \u00fa\u010det a jeho prost\u0159ednictv\u00edm p\u0159ed\u00e1vat organiz\u00e1tor\u016fm fotky z dobyt\u00fdch vrchol\u016f (nam\u00edsto e-mailov\u00e9 korespondence). Kolegov\u00e9 z VK Vala\u0161ska tento syst\u00e9m vyu\u017e\u00edvali ji\u017e v ro\u010dn\u00edku 2021 a jeliko\u017e se osv\u011bd\u010dil, nab\u00edz\u00ed vyu\u017eit\u00ed tohoto syt\u00e9mu \u00fa\u010dastn\u00edk\u016fm i ostatn\u00edch VK. Viz\u00ed je, aby tento syst\u00e9m postupn\u011b pou\u017e\u00edvaly v\u0161echny VK a nab\u00eddly tak sv\u00fdm \u00fa\u010dastn\u00edk\u016fm prost\u0159ednictv\u00edm jedin\u00e9ho u\u017eivatelsk\u00e9ho \u00fa\u010dtu mo\u017enost si nahr\u00e1vat vrcholov\u00e9 fotky ke kter\u00e9koliv VK. Nav\u00edc je mo\u017en\u00e9 vyu\u017e\u00edt mobiln\u00ed aplikaci VRCHA\u0158SK\u00c1 KORUNA, kterou si m\u016f\u017eete propojit se sv\u00fdm u\u017eivatelsk\u00fdm \u00fa\u010dtem a fotky si nahr\u00e1vat prost\u0159ednictv\u00edm t\u00e9to mobiln\u00ed aplikace.<\/p>\n\n\n\n<p id=\"block-e8c3d34e-38fd-4130-b94f-488eaeee9b95\"><strong>P\u0159ipravili jsme n\u00e1sleduj\u00edc\u00ed manu\u00e1l, kter\u00fd krok za krokem popisuje, jak se zaregistrovat a jak fotky n\u00e1sledn\u011b ukl\u00e1dat. Prost\u011b jak to cel\u00e9 bude fungovat. Nebojte, nen\u00ed to tak slo\u017eit\u00e9, jak se m\u016f\u017ee na prvn\u00ed pohled zd\u00e1t.<\/strong><\/p>\n\n\n\n<p id=\"block-9ce06d46-58f7-4157-8f77-23c63b075125\"><strong>REGISTRACE<\/strong><\/p>\n\n\n\n<ol id=\"block-f7d15c35-f08b-4ff1-a270-a30c4f4e8d96\"><li>Na webu&nbsp;<a href=\"http:\/\/www.vk-bike.eu\/\">www.vk-bike.eu<\/a>&nbsp;klikn\u011bte vpravo naho\u0159e na ikonu postavy a n\u00e1sledn\u011b na \u201eP\u0159ihl\u00e1sit\u201c.<\/li><li>Pokud nechcete pou\u017e\u00edt p\u0159ihl\u00e1\u0161en\u00ed prost\u0159ednictv\u00edm facebookov\u00e9ho nebo google \u00fa\u010dtu, klikn\u011bte na \u201eRegistrace\u201c.<\/li><li>Zadejte sv\u00e9 jm\u00e9no, p\u0159\u00edjmen\u00ed, preferovan\u00fd jazyk, e-mailovou adresu, 2x heslo (mus\u00ed m\u00edt nejm\u00e9n\u011b 8 znak\u016f, z nich\u017e aspo\u0148 jeden mus\u00ed b\u00fdt \u010d\u00edslo a jeden znak speci\u00e1ln\u00ed \u2013 tzn. ani p\u00edsmeno, ani \u010d\u00edslo) a za\u0161krtn\u011bte \u201eSouhlas\u00edm s podm\u00ednkami\u201c.<\/li><li>Do schr\u00e1nky va\u0161eho e-mailu, kter\u00fd jste zada\u0159il p\u0159i registraci, obdr\u017e\u00edte zpr\u00e1vu. V n\u00ed potvr\u010fte registraci kliknut\u00edm na \u201ezde\u201c a zadejte sv\u00e9 heslo.<\/li><li>Na webu&nbsp;<a href=\"http:\/\/www.vk-bike.eu\/\">www.vk-bike.eu<\/a>&nbsp;se p\u0159ihlaste p\u0159ihla\u0161ovac\u00edmi \u00fadaji, kter\u00e9 jste zadali.<\/li><li>Ve sv\u00e9m u\u017eivatelsk\u00e9m profilu si vypl\u0148te chyb\u011bj\u00edc\u00ed \u00fadaje. Zejm\u00e9na datum narozen\u00ed a m\u011bsto.<\/li><li>Vpravo naho\u0159e klikn\u011bte na kosti\u010dky a n\u00e1sledn\u011b na \u201eVrcha\u0159sk\u00e9 koruny\u201c, \u010d\u00edm\u017e se dostanete na hlavn\u00ed str\u00e1nku rozcestn\u00edku Vrcha\u0159sk\u00fdch korun&nbsp;<a href=\"http:\/\/www.vk-bike.eu\/\">www.vk-bike.eu<\/a>.<\/li><\/ol>\n\n\n\n<p id=\"block-a4447126-5aa7-4d08-b121-cb33bca8b638\"><strong>P\u0158IHL\u00c1\u0160EN\u00cd K VKJ\u010c A NAHR\u00c1V\u00c1N\u00cd FOTEK Z VRCHOL\u016e<\/strong><\/p>\n\n\n\n<ol id=\"block-ce7c8a2a-105d-448a-bfe9-af54ed098114\"><li>Pokud se chcete \u00fa\u010dastnit n\u011bkter\u00e9 z kategori\u00ed VKJ\u010c 2024, na hlavn\u00ed str\u00e1nce rozcestn\u00edku&nbsp;<a href=\"http:\/\/www.vk-bike.eu\/\">www.vk-bike.eu<\/a>&nbsp;si otev\u0159ete \u201eVrcha\u0159sk\u00e1 koruna Ji\u017en\u00edch \u010cech\u201c.<\/li><li>N\u00e1sledn\u011b klikn\u011bte na \u201eKategorie\u201c a nab\u00edz\u00ed se v\u00e1m v\u00fdb\u011br v\u0161ech kategori\u00ed, kter\u00e9 jsou pro rok 2024 vyhl\u00e1\u0161eny. Zapojit se lze do v\u00edce kategori\u00ed.<\/li><\/ol>\n\n\n\n<ol start=\"3\" id=\"block-e602294a-1ef1-4c3d-9099-94eb5de00997\"><li>Pokud m\u00e1te jasno o kategorii, do kter\u00e9 se chcete zapojit, otev\u0159ete jej\u00ed str\u00e1nku a klikn\u011bte naho\u0159e na \u201eZapojit se\u201c. Pozor! Pokud se chcete zapojit do v\u00edce kategori\u00ed sou\u010dasn\u011b, je t\u0159eba si rozkliknout str\u00e1nku v\u0161ech t\u011bchto kategori\u00edch v ka\u017ed\u00e9 z nich zadat \u201eZapojit se\u201c. Zapojit se m\u016f\u017eete i do dal\u0161\u00edch Vrcha\u0159sk\u00fdch korun.<\/li><li>Na str\u00e1nce ka\u017ed\u00e9 kategorie se v\u00e1m objev\u00ed v\u00fd\u010det v\u0161ech vyhl\u00e1\u0161en\u00fdch vrchol\u016f. Ka\u017ed\u00fd vrchol si m\u016f\u017eete otev\u0159\u00edt a pro\u010d\u00edst si k n\u011bmu r\u016fzn\u00e9 zaj\u00edmavosti v\u010detn\u011b tip\u016f na v\u00fdjezd. Sou\u010dasn\u011b pak na str\u00e1nce ka\u017ed\u00e9ho vrcholu je kolonka pro nahr\u00e1v\u00e1n\u00ed vrcholov\u00e9 fotografie. Nahr\u00e1t ji m\u016f\u017eete v\u00fdb\u011brem p\u0159\u00edslu\u0161n\u00e9ho sn\u00edmku, ulo\u017een\u00e9ho ve va\u0161em po\u010d\u00edta\u010di\/telefonu.<\/li><li>Ukl\u00e1dat fotografie zdolan\u00fdch vrchol\u016f m\u016f\u017eete pr\u016fb\u011b\u017en\u011b nebo a\u017e po zkompletov\u00e1n\u00ed v\u0161ech vrchol\u016f.<\/li><li>V ka\u017ed\u00e9 kategorii m\u00e1te mo\u017enost ulo\u017eit ve speci\u00e1ln\u00ed kolonce va\u0161i nejobl\u00edben\u011bj\u0161\u00ed fotku z n\u011bkter\u00e9ho vrcholu. Tato fotka se v syst\u00e9mu ulo\u017e\u00ed ve vy\u0161\u0161\u00edm rozli\u0161en\u00ed, a to proto, aby ji organiz\u00e1to\u0159i mohli pou\u017e\u00edt p\u0159i va\u0161em zve\u0159ejn\u011bn\u00ed coby dr\u017eitele p\u0159\u00edslu\u0161n\u00e9 kategorie na webu VKJ\u010c.<\/li><\/ol>\n\n\n\n<p id=\"block-a1052b7f-ee1b-4f71-94c6-f31f89c5dc9c\"><strong>UKON\u010cEN\u00cd RO\u010cN\u00cdKU<\/strong><\/p>\n\n\n\n<ol id=\"block-e4696f09-4434-4759-8256-ca06bb070a4b\"><li>Po\u010det v\u00e1mi zdolan\u00fdch vrchol\u016f se sleduje pr\u016fb\u011b\u017en\u011b. Tzn. p\u0159i nahr\u00e1n\u00ed fotky z ka\u017ed\u00e9ho vrcholu do va\u0161eho profilu se tato zm\u011bna organiz\u00e1tor\u016fm zobraz\u00ed a oni ji zkontroluj\u00ed. V p\u0159\u00edpad\u011b schv\u00e1len\u00ed fotky ze strany organiz\u00e1tor\u016f se tato skute\u010dnost zobraz\u00ed v pr\u016fb\u011b\u017en\u00e9m po\u0159ad\u00ed p\u0159\u00edslu\u0161n\u00e9 kategorie t\u00edm, \u017ee se v\u00e1m o tento schv\u00e1len\u00fd vrchol nav\u00fd\u0161\u00ed celkov\u00e9 sk\u00f3re zdolan\u00fdch vrchol\u016f a vy se v celkov\u00e9m po\u0159ad\u00ed posunujete. Organiz\u00e1to\u0159i kontroluj\u00ed nahran\u00e9 fotky n\u011bkolikr\u00e1t t\u00fddn\u011b, ale i tak se m\u016f\u017ee st\u00e1t, \u017ee na schv\u00e1len\u00ed sv\u00fdch fotek si mus\u00edte p\u00e1r dn\u00ed po\u010dkat. Vrcholy se zkr\u00e1tka p\u0159i\u010dtou a\u017e po schv\u00e1len\u00ed organiz\u00e1tory, a i ti rad\u011bji jezd\u00ed po lese, ne\u017e vysed\u00e1vaj\u00ed u po\u010d\u00edta\u010de. Pokud by v\u00e1mi nahran\u00e9 fotky nebyly schv\u00e1leny do t\u00fddne, tak u\u017e je n\u011bkde chyba a na to n\u00e1s pros\u00edm upozorn\u011bte mejlem.<\/li><li>Ji\u017e v pr\u016fb\u011bhu ro\u010dn\u00edku, ale nejl\u00e9pe a\u017e po ukon\u010den\u00ed va\u0161eho zapojen\u00ed do VKJ\u010c m\u016f\u017eete ve sv\u00e9m profilu vyplnit dotazn\u00edk \u00fa\u010dastn\u00edka. Ostatn\u00edm \u00fa\u010dastn\u00edk\u016fm se zobraz\u00ed a\u017e ve chv\u00edli, kdy se st\u00e1v\u00e1te dr\u017eiteli p\u0159\u00edslu\u0161n\u00e9 kategorie.<\/li><\/ol>\n\n\n\n<p id=\"block-41d1100c-cd96-4684-9c88-b5d9945144d7\"><strong>NEJ\u010cAST\u011aJ\u0160\u00cd OT\u00c1ZKY<\/strong><\/p>\n\n\n\n<p id=\"block-3c1b238e-eea0-448f-97ca-cda0506d3f75\"><strong>Pro\u010d mi p\u0159i registraci syst\u00e9m nechce p\u0159ijmout mnou zadan\u00e9 heslo?<\/strong><\/p>\n\n\n\n<p id=\"block-a5e39978-87d9-462c-b3f7-c58fbafdfe21\">Heslo mus\u00ed obsahovat jeden znak, kter\u00fd nen\u00ed p\u00edsmenem, ani \u010d\u00edslic\u00ed. Mus\u00ed tedy obsahovat jeden speci\u00e1ln\u00ed znak jako nap\u0159\u00edklad: *, -, _, ! a podobn\u011b.<\/p>\n\n\n\n<p id=\"block-403859d4-bd50-4901-9272-cfbfc719c1cf\"><strong>M\u016f\u017eu pod jedn\u00edm u\u017eivatelsk\u00fdm \u00fa\u010dtem ukl\u00e1dat fotky za v\u00edce osob?<\/strong><\/p>\n\n\n\n<p id=\"block-b9bfbd76-9bc9-49d7-a56c-6643d59edf6f\">Ka\u017ed\u00fd \u00fa\u010dastn\u00edk mus\u00ed m\u00edt sv\u016fj unik\u00e1tn\u00ed \u00fa\u010det. To znamen\u00e1, \u017ee pokud jezd\u00ed v\u00edce osob ve skupin\u011b a d\u0159\u00edve poslal fotky mailem jen jeden za v\u0161echny \u010dleny skupiny, nyn\u00ed to ji\u017e nen\u00ed mo\u017en\u00e9.<\/p>\n\n\n\n<p id=\"block-c8fa3490-7bb6-4a0f-867b-5736522b2764\"><strong>Mus\u00edm fotky p\u0159ed ukl\u00e1d\u00e1n\u00edm n\u011bjak upravit? Nap\u0159\u00edklad zmen\u0161it?<\/strong><\/p>\n\n\n\n<p id=\"block-281fb81f-703e-47d4-b43e-2786b704cc5e\">Syst\u00e9m si fotky s\u00e1m zmen\u0161\u00ed. Pouze v p\u0159\u00edpad\u011b jedn\u00e9 fotografie, kterou si z vrcholov\u00fdch sn\u00edmk\u016f sami vyberete a ulo\u017e\u00edte do p\u0159\u00edslu\u0161n\u00e9 kolonky, bude zachov\u00e1n v\u011bt\u0161\u00ed rozm\u011br. Je to z toho d\u016fvodu, \u017ee tuto fotku pou\u017eijeme p\u0159i va\u0161em p\u0159edstaven\u00ed coby dr\u017eitele VKV.<\/p>\n\n\n\n<p id=\"block-c3102370-234c-4583-ba77-eb572eb8af5a\"><strong>Mus\u00edm fotky do syst\u00e9mu nahr\u00e1vat pr\u016fb\u011b\u017en\u011b nebo a\u017e po dokon\u010den\u00ed posledn\u00edho vrcholu?<\/strong><\/p>\n\n\n\n<p id=\"block-2414fd21-a392-4c10-af38-bcf55da43833\">Proto\u017ee se v\u00fdsledky aktualizuj\u00ed pr\u016fb\u011b\u017en\u011b, pros\u00edme tak\u00e9 o pr\u016fb\u011b\u017en\u00e9 ukl\u00e1d\u00e1n\u00ed fotek. M\u016f\u017eete je ale samoz\u0159ejm\u011b nahr\u00e1t v\u0161echny najednou po zdol\u00e1n\u00ed v\u0161ech vrchol\u016f. Z\u00e1le\u017e\u00ed na v\u00e1s. Ochud\u00edte se ale o vyhodnocov\u00e1n\u00ed pr\u016fb\u011b\u017en\u00e9ho po\u0159ad\u00ed.<\/p>\n\n\n\n<p id=\"block-9ad12851-4d96-4c5d-be0c-ca5b89f40a48\"><strong>Pro\u010d se mi po nahr\u00e1n\u00ed fotek neukazuj\u00ed vrcholy jako zdolan\u00e9?<\/strong><\/p>\n\n\n\n<p id=\"block-ed1796d7-4638-48a1-966f-9f5bec265fd8\">Proto\u017ee v\u00e1mi nahran\u00e9 fotky mus\u00ed organiz\u00e1to\u0159i nejprve zkontrolovat a schv\u00e1lit. Obvykle organiz\u00e1to\u0159i fotky kontroluj\u00ed n\u011bkolikr\u00e1t t\u00fddn\u011b, ale i tak se m\u016f\u017ee st\u00e1t, \u017ee na schv\u00e1len\u00ed sv\u00fdch fotek si mus\u00edte p\u00e1r dn\u00ed po\u010dkat. Vrcholy se zkr\u00e1tka p\u0159i\u010dtou a\u017e po schv\u00e1len\u00ed organiz\u00e1tory a i ti rad\u011bji jezd\u00ed po lese, ne\u017e vysed\u00e1vaj\u00ed u po\u010d\u00edta\u010de. Pokud by v\u00e1mi nahran\u00e9 fotky nebyly schv\u00e1leny do t\u00fddne, tak u\u017e je n\u011bkde chyba a na to n\u00e1s pros\u00edm upozorn\u011bte mejlem.<\/p>\n\n\n\n<h2 id=\"block-1b362011-d38e-4018-a1b7-781b82b4d008\"><strong>Mobiln\u00ed aplikace VRCHA\u0158SK\u00c1 KORUNA<\/strong><\/h2>\n\n\n\n<p id=\"block-64a70305-f8f8-4ff3-a9fe-f463fc03cd68\">Na webu Vrcha\u0159sk\u00e9 koruny ji\u017en\u00edch \u010cech jsou o vrcholech uvedeny z\u00e1kladn\u00ed informace. Pro dal\u0161\u00ed informace a hlavn\u011b dostupnost informaci p\u0159\u00edmo v ter\u00e9nu doporu\u010dujeme&nbsp;<strong>mobiln\u00ed<\/strong>&nbsp;<strong>aplikaci VRCHA\u0158SK\u00c1 KORUNA<\/strong>&nbsp;ke sta\u017een\u00ed zdarma pro android i apple.<\/p>\n\n\n\n<p id=\"block-4bf9e00f-073a-4983-8927-c8650b54cf50\">U\u017eivatel t\u00e9to mobiln\u00ed aplikace v n\u00ed najde informace o v\u0161ech vypsan\u00fdch VK \u2013 ka\u017edoro\u010dn\u011b je vyps\u00e1no bezm\u00e1la 30 vrcha\u0159sk\u00fdch korun na \u00fazem\u00ed \u010cesk\u00e9 republiky a Slovenska.<\/p>\n\n\n\n<p id=\"block-f0486223-115c-4def-9451-78ca8f0cc32c\">P\u0159\u00edmo v ter\u00e9nu si m\u016f\u017eete zobrazit&nbsp;p\u0159ehled kategori\u00ed, vrcholy jednotliv\u00fdch kategori\u00ed a to v\u010detn\u011b dal\u0161\u00edch \u00fadaj\u016f \u2013 fotka vrcholu, sou\u0159adnice, n\u00e1vrh trasy, zaj\u00edmavosti \u2026.<\/p>\n\n\n\n<p id=\"block-b65a11f3-1bc5-4e45-82aa-5aad831e3bb9\">Vrcholy jsou v mobiln\u00ed aplikaci podle sv\u00fdch GPS sou\u0159adnic rovn\u011b\u017e zakresleny v map\u011b a po kliknut\u00ed na n\u011b&nbsp;se zobraz\u00ed podrobn\u00e9 informace. Velk\u00fdm pomocn\u00edkem p\u0159i dohled\u00e1v\u00e1n\u00ed vrcholu je zobrazen\u00ed mapy, kde vid\u00edte vrchol, kter\u00fd hled\u00e1te, i svoji polohu.<\/p>\n\n\n\n<p id=\"block-3a7c6d3e-fef6-4d56-9904-2ee4ec27cf7c\"><strong>Nav\u00edc je mo\u017enost propojit aplikaci s u\u017eivatelsk\u00fdm \u00fa\u010dtem na&nbsp;<a rel=\"noreferrer noopener\" href=\"http:\/\/www.vk-bike.eu\/\" target=\"_blank\">www.vk-bike.eu<\/a>&nbsp;a fotky vrchol\u016f nahr\u00e1vat prost\u0159ednictv\u00edm t\u00e9to mobiln\u00ed aplikace.<\/strong><\/p>\n\n\n\n<p id=\"block-80bbe630-421a-431e-975a-0dbb8c99e88d\">Sta\u010d\u00ed, kdy\u017e si ji st\u00e1hnete do sv\u00e9ho mobilu (funguje prozat\u00edm jen pro android, v\u00fdvoj pro iOS je\u0161t\u011b pokra\u010duje), p\u0159\u00edp. aktualizujete jej\u00ed verzi a p\u0159ihl\u00e1s\u00edte se do n\u00ed sv\u00fdmi p\u0159ihla\u0161ovac\u00edmi \u00fadaji, kter\u00e9 pou\u017e\u00edv\u00e1te na webu&nbsp;<a href=\"http:\/\/www.vk-bike.eu\/\">www.vk-bike.eu<\/a>. A pak u\u017e m\u016f\u017eete fotky nahr\u00e1vat.<\/p>\n\n\n\n<h2 id=\"block-91568871-d958-4cf4-bc92-7f8a77f4abe2\">Kategorie V\u00ddKON<\/h2>\n\n\n\n<p id=\"block-91c10a33-3b8b-41bb-a136-d170811ce0e0\">V minulosti byly vrcholy VKJ\u010c z\u00e1m\u011brn\u011b rozesety po cel\u00e9m kraji. \u00da\u010dastn\u00edk VKJ\u010c tak objel cel\u00fd \u0161ir\u00fd kraj, poznal v\u0161echna z\u00e1kout\u00ed Ji\u017en\u00edch \u010cech. Samoz\u0159ejm\u011b t\u00edm byla VKJ\u010c extr\u00e9mn\u011b n\u00e1ro\u010dn\u00e1. \u00da\u010dastn\u00edci naj\u00ed\u017ed\u011bli i 1500 km.<\/p>\n\n\n\n<p id=\"block-40147b32-6ec3-49dc-8313-1631f792534c\">\u00dazem\u00edm t\u00e9to kategorie je cel\u00fd Jiho\u010desk\u00fd kraj. Vrcholy jsou shluknut\u00e9 do n\u011bkolika oblast\u00ed. V t\u011bchto oblastech jsou vrcholy um\u00edst\u011bny tak, \u017ee je lze objet b\u011bhem jednoho dne \u2013 pro usnadn\u011bn\u00ed zve\u0159ejn\u00edme doporu\u010den\u00e9 trasy. V ka\u017ed\u00e9 oblasti je ale samoz\u0159ejm\u011b mnoho dal\u0161\u00edch m\u00edst, kter\u00e1 stoj\u00ed za n\u00e1v\u0161t\u011bvu. Ide\u00e1ln\u00ed je tedy v ka\u017ed\u00e9 oblasti pob\u00fdt alespo\u0148 v\u00edkend a \u0159\u00e1dn\u011b ji prozkoumat. Smyslem VKJ\u010c nen\u00ed objet ji celou za 4 dny, i kdy\u017e to tak lze&nbsp;\ud83d\ude42&nbsp;.<\/p>\n\n\n\n<p id=\"block-bb1df222-6f68-41ab-99bf-77611232d0c5\">Kategorie V\u00ddKON je hlavn\u00ed kategorie Vrcha\u0159sk\u00fdch korun.<\/p>\n\n\n\n<p>Tato kategorie je ur\u010dena pouze pro bajkery jezd\u00edc\u00ed na vlastn\u00ed pohon. Pokud d\u00e1v\u00e1te p\u0159ednost zdol\u00e1v\u00e1n\u00ed vrchol\u016f na elektrokole, tak se pros\u00edm z\u00fa\u010dastn\u011bte na\u0161\u00ed druh\u00e9 kategorie V\u00ddKON \u2013 ELEKTROKOLA (ta m\u00e1 tejn\u00e9 vrcholy, jako kategorie V\u00ddKON).<\/p>\n\n\n\n<h2 id=\"block-91568871-d958-4cf4-bc92-7f8a77f4abe2\">Kategorie V\u00ddKON \u2013 ELEKTROKOLA<\/h2>\n\n\n\n<p>Kategorie V\u00ddKON \u2013 ELEKTROKLA je ur\u010dena bajker\u016fm, kte\u0159\u00ed d\u00e1vaj\u00ed p\u0159ednost j\u00edzd\u011b na elektrokolech. Tato kategorie m\u00e1 stejn\u00e9 vrcholy jako kategorie V\u00ddKON. V n\u011bkolika oblastech jsou vrcholy um\u00edst\u011bny tak, \u017ee je lze objet b\u011bhem jednoho dne \u2013 pro usnadn\u011bn\u00ed jsou zve\u0159ejn\u011bny doporu\u010den\u00e9 trasy. V ka\u017ed\u00e9 oblasti je ale samoz\u0159ejm\u011b mnoho dal\u0161\u00edch m\u00edst, kter\u00e1 stoj\u00ed za n\u00e1v\u0161t\u011bvu. Ide\u00e1ln\u00ed je tedy v ka\u017ed\u00e9 oblasti pob\u00fdt alespo\u0148 v\u00edkend a \u0159\u00e1dn\u011b ji prozkoumat. Smyslem VKJ\u010c nen\u00ed objet ji celou za 4 dny, i kdy\u017e to tak lze&nbsp;:).<\/p>\n\n\n\n<h2 id=\"block-0b2de690-7b18-4ee7-9f28-c4ff583a0d6b\">Kategorie OKOLO KOM\u00cdNA<\/h2>\n\n\n\n<p id=\"block-4fe53155-f11e-4393-a08a-27d8890fa39f\">Jiho\u010desk\u00fd kraj, jeho\u017e hranicemi jsou vrcholy VKJ\u010c ohrani\u010deny, je velmi rozs\u00e1hl\u00fd. Ka\u017ed\u00fd nem\u00e1 \u010das a chu\u0165 zaj\u00ed\u017ed\u011bt do vzd\u00e1len\u00fdch kout\u016f kraje. Nav\u00edc se to \u010dasto neobejde bez pomoci vlaku nebo auta. Proto jsme p\u0159ipravili kategorii KOLEM KOM\u00cdNA. Je ur\u010dena t\u011bm, kte\u0159\u00ed by se VKJ\u010c r\u00e1di z\u00fa\u010dastnili, ale pouze v r\u00e1mci jednodenn\u00edch vyj\u00ed\u017ed\u011bk. Ch\u00e1peme, \u017ee kom\u00edn m\u00e1 ka\u017ed\u00fd jinde, ale v t\u00e9to kategorii c\u00edl\u00edme na bud\u011bj\u010d\u00e1ky. Vrcholy jsou v dojezdn\u00e9 vzd\u00e1lenosti kolem Bud\u011bjc. I s n\u00e1vratem nen\u00ed probl\u00e9m se vej\u00edt do celodenn\u00edho v\u00fdletu. Dokonce je mo\u017en\u00e9 b\u011bhem jedn\u00e9 vyj\u00ed\u017e\u010fky posb\u00edrat n\u011bkolik vrchol\u016f, kter\u00e9 jsme volili tak, aby byly dosa\u017eiteln\u00e9 i pro star\u0161\u00ed d\u011bti. Abychom to je\u0161t\u011b zjednodu\u0161ili, tak na str\u00e1nk\u00e1ch budeme zve\u0159ej\u0148ovat doporu\u010den\u00e9 trasy, kter\u00e9 se ide\u00e1ln\u011b vyhnou silnic\u00edm, ale st\u00e1le budou velice dob\u0159e jeteln\u00e9.<\/p>\n","protected":false},"excerpt":{"rendered":"<p>Obecn\u00e9 informace Vrcha\u0159skou korunu Ji\u017en\u00edch \u010cech 2026 z\u00edsk\u00e1 ka\u017ed\u00fd biker, kter\u00fd zdol\u00e1 v obdob\u00ed od 1. dubna do 30. listopadu 2026 v\u0161ech 20 p\u0159edepsan\u00fdch vrchol\u016f. Pro ro\u010dn\u00edk 2026 jsme p\u0159ipravili t\u0159ikategorie. Ka\u017ed\u00e1 kategorie se bude hodnotit samostatn\u011b a ka\u017ed\u00e1 kategorie bude m\u00edt 20 vrchol\u016f ke zdol\u00e1n\u00ed. Jako d\u016fkaz je t\u0159eba se na ka\u017ed\u00e9m vrcholu vyfotit,&#8230;<\/p>\n","protected":false},"author":2,"featured_media":0,"parent":4701,"menu_order":0,"comment_status":"closed","ping_status":"closed","template":"","meta":[],"_links":{"self":[{"href":"https:\/\/vkjc.bknezmar.cz\/index.php?rest_route=\/wp\/v2\/pages\/4704"}],"collection":[{"href":"https:\/\/vkjc.bknezmar.cz\/index.php?rest_route=\/wp\/v2\/pages"}],"about":[{"href":"https:\/\/vkjc.bknezmar.cz\/index.php?rest_route=\/wp\/v2\/types\/page"}],"author":[{"embeddable":true,"href":"https:\/\/vkjc.bknezmar.cz\/index.php?rest_route=\/wp\/v2\/users\/2"}],"replies":[{"embeddable":true,"href":"https:\/\/vkjc.bknezmar.cz\/index.php?rest_route=%2Fwp%2Fv2%2Fcomments&post=4704"}],"version-history":[{"count":3,"href":"https:\/\/vkjc.bknezmar.cz\/index.php?rest_route=\/wp\/v2\/pages\/4704\/revisions"}],"predecessor-version":[{"id":4754,"href":"https:\/\/vkjc.bknezmar.cz\/index.php?rest_route=\/wp\/v2\/pages\/4704\/revisions\/4754"}],"up":[{"embeddable":true,"href":"https:\/\/vkjc.bknezmar.cz\/index.php?rest_route=\/wp\/v2\/pages\/4701"}],"wp:attachment":[{"href":"https:\/\/vkjc.bknezmar.cz\/index.php?rest_route=%2Fwp%2Fv2%2Fmedia&parent=4704"}],"curies":[{"name":"wp","href":"https:\/\/api.w.org\/{rel}","templated":true}]}}