{"id":14,"date":"2020-02-04T09:31:30","date_gmt":"2020-02-04T08:31:30","guid":{"rendered":"https:\/\/vkjc.bknezmar.cz\/?page_id=14"},"modified":"2023-03-07T08:06:24","modified_gmt":"2023-03-07T07:06:24","slug":"kontakt","status":"publish","type":"page","link":"https:\/\/vkjc.bknezmar.cz\/?page_id=14","title":{"rendered":"Kontakt"},"content":{"rendered":"\n<p>vkjc@bknezmar.cz<\/p>\n\n\n\n<p><a rel=\"noreferrer noopener\" aria-label=\"www.facebook.com\/Vrcha\u0159sk\u00e1-koruna-Ji\u017en\u00edch-\u010cech-1503482973251301\/ (otev\u0159e se na nov\u00e9 z\u00e1lo\u017ece)\" href=\"http:\/\/www.facebook.com\/Vrcha\u0159sk\u00e1-koruna-Ji\u017en\u00edch-\u010cech-1503482973251301\/\" target=\"_blank\">www.facebook.com\/Vrcha\u0159sk\u00e1-koruna-Ji\u017en\u00edch-\u010cech-1503482973251301\/<\/a><\/p>\n\n\n\n<p><a href=\"https:\/\/www.instagram.com\/vrcharskakorunajiznichcech\/?igshid=ZDdkNTZiNTM%3D\">https:\/\/www.instagram.com\/vrcharskakorunajiznichcech\/?igshid=ZDdkNTZiNTM%3D<\/a><\/p>\n","protected":false},"excerpt":{"rendered":"<p>vkjc@bknezmar.cz www.facebook.com\/Vrcha\u0159sk\u00e1-koruna-Ji\u017en\u00edch-\u010cech-1503482973251301\/ https:\/\/www.instagram.com\/vrcharskakorunajiznichcech\/?igshid=ZDdkNTZiNTM%3D<\/p>\n","protected":false},"author":2,"featured_media":0,"parent":0,"menu_order":0,"comment_status":"closed","ping_status":"closed","template":"","meta":[],"_links":{"self":[{"href":"https:\/\/vkjc.bknezmar.cz\/index.php?rest_route=\/wp\/v2\/pages\/14"}],"collection":[{"href":"https:\/\/vkjc.bknezmar.cz\/index.php?rest_route=\/wp\/v2\/pages"}],"about":[{"href":"https:\/\/vkjc.bknezmar.cz\/index.php?rest_route=\/wp\/v2\/types\/page"}],"author":[{"embeddable":true,"href":"https:\/\/vkjc.bknezmar.cz\/index.php?rest_route=\/wp\/v2\/users\/2"}],"replies":[{"embeddable":true,"href":"https:\/\/vkjc.bknezmar.cz\/index.php?rest_route=%2Fwp%2Fv2%2Fcomments&post=14"}],"version-history":[{"count":8,"href":"https:\/\/vkjc.bknezmar.cz\/index.php?rest_route=\/wp\/v2\/pages\/14\/revisions"}],"predecessor-version":[{"id":4421,"href":"https:\/\/vkjc.bknezmar.cz\/index.php?rest_route=\/wp\/v2\/pages\/14\/revisions\/4421"}],"wp:attachment":[{"href":"https:\/\/vkjc.bknezmar.cz\/index.php?rest_route=%2Fwp%2Fv2%2Fmedia&parent=14"}],"curies":[{"name":"wp","href":"https:\/\/api.w.org\/{rel}","templated":true}]}}